{"id":19,"date":"2026-02-16T22:30:06","date_gmt":"2026-02-16T22:30:06","guid":{"rendered":"https:\/\/curvachicachados.com.br\/grupovip\/?page_id=19"},"modified":"2026-02-17T19:41:47","modified_gmt":"2026-02-17T19:41:47","slug":"grupo3","status":"publish","type":"page","link":"https:\/\/curvachicachados.com.br\/grupovip\/","title":{"rendered":"Grupo 3"},"content":{"rendered":"\t\t<div data-elementor-type=\"wp-page\" data-elementor-id=\"19\" class=\"elementor elementor-19\">\n\t\t\t\t<div class=\"elementor-element elementor-element-291231d e-flex e-con-boxed e-con e-parent\" data-id=\"291231d\" data-element_type=\"container\" data-e-type=\"container\" data-settings=\"{&quot;background_background&quot;:&quot;classic&quot;}\">\n\t\t\t\t\t<div class=\"e-con-inner\">\n\t\t\t\t<div class=\"elementor-element elementor-element-4b7e9ca elementor-widget-mobile__width-inherit elementor-widget elementor-widget-heading\" data-id=\"4b7e9ca\" data-element_type=\"widget\" data-e-type=\"widget\" data-widget_type=\"heading.default\">\n\t\t\t\t\t<h2 class=\"elementor-heading-title elementor-size-default\">VOC\u00ca ACABOU DE ENCONTRAR O GRUPO MAIS DESEJADO DE ACHADINHOS PLUS SIZE<\/h2>\t\t\t\t<\/div>\n\t\t\t\t<div class=\"elementor-element elementor-element-4a5370b elementor-widget elementor-widget-image\" data-id=\"4a5370b\" data-element_type=\"widget\" data-e-type=\"widget\" data-widget_type=\"image.default\">\n\t\t\t\t\t\t\t\t\t\t\t\t\t\t\t<img fetchpriority=\"high\" decoding=\"async\" width=\"800\" height=\"800\" src=\"https:\/\/curvachicachados.com.br\/grupovip\/wp-content\/uploads\/2026\/02\/Gemini_Generated_Image_fka4u3fka4u3fka4-1024x1024.png\" class=\"attachment-large size-large wp-image-15\" alt=\"\" srcset=\"https:\/\/curvachicachados.com.br\/grupovip\/wp-content\/uploads\/2026\/02\/Gemini_Generated_Image_fka4u3fka4u3fka4-1024x1024.png 1024w, https:\/\/curvachicachados.com.br\/grupovip\/wp-content\/uploads\/2026\/02\/Gemini_Generated_Image_fka4u3fka4u3fka4-300x300.png 300w, https:\/\/curvachicachados.com.br\/grupovip\/wp-content\/uploads\/2026\/02\/Gemini_Generated_Image_fka4u3fka4u3fka4-150x150.png 150w, https:\/\/curvachicachados.com.br\/grupovip\/wp-content\/uploads\/2026\/02\/Gemini_Generated_Image_fka4u3fka4u3fka4-768x768.png 768w, https:\/\/curvachicachados.com.br\/grupovip\/wp-content\/uploads\/2026\/02\/Gemini_Generated_Image_fka4u3fka4u3fka4-1536x1536.png 1536w, https:\/\/curvachicachados.com.br\/grupovip\/wp-content\/uploads\/2026\/02\/Gemini_Generated_Image_fka4u3fka4u3fka4.png 2048w\" sizes=\"(max-width: 800px) 100vw, 800px\" \/>\t\t\t\t\t\t\t\t\t\t\t\t\t\t\t<\/div>\n\t\t\t\t<div class=\"elementor-element elementor-element-8ee590f elementor-widget elementor-widget-heading\" data-id=\"8ee590f\" data-element_type=\"widget\" data-e-type=\"widget\" data-widget_type=\"heading.default\">\n\t\t\t\t\t<h3 class=\"elementor-heading-title elementor-size-default\"><h2 class=\"elementor-heading-title elementor-size-default elementor-inline-editing pen\" data-elementor-setting-key=\"title\" data-pen-placeholder=\"Digite aqui...\" style=\"font-family: Poppins, sans-serif;font-weight: 500;line-height: 1.4em;font-size: 18px;text-align: center\"><img decoding=\"async\" role=\"img\" class=\"emoji\" alt=\"\u2728\" src=\"https:\/\/s.w.org\/images\/core\/emoji\/17.0.2\/svg\/2728.svg\"> Entre para o <span style=\"font-weight: 700\">grupo exclusivo<\/span> de mulheres que j\u00e1 sabem onde encontrar moda plus size que veste bem de verdade! <\/h2><\/h3>\t\t\t\t<\/div>\n\t\t\t\t<div class=\"elementor-element elementor-element-7c68802 elementor-mobile-align-center elementor-widget elementor-widget-button\" data-id=\"7c68802\" data-element_type=\"widget\" data-e-type=\"widget\" data-widget_type=\"button.default\">\n\t\t\t\t\t\t\t\t\t\t<a class=\"elementor-button elementor-button-link elementor-size-sm elementor-animation-pulse\" href=\"https:\/\/chat.whatsapp.com\/GtCtXHEm8M9KHvHztaBJSn\">\n\t\t\t\t\t\t<span class=\"elementor-button-content-wrapper\">\n\t\t\t\t\t\t\t\t\t<span class=\"elementor-button-text\">Clique para entrar no Grupo<\/span>\n\t\t\t\t\t<\/span>\n\t\t\t\t\t<\/a>\n\t\t\t\t\t\t\t\t<\/div>\n\t\t\t\t<div class=\"elementor-element elementor-element-89f55f2 elementor-widget elementor-widget-heading\" data-id=\"89f55f2\" data-element_type=\"widget\" data-e-type=\"widget\" data-widget_type=\"heading.default\">\n\t\t\t\t\t<h2 class=\"elementor-heading-title elementor-size-default\"><h2 class=\"elementor-heading-title elementor-size-default elementor-inline-editing pen\" data-elementor-setting-key=\"title\" data-pen-placeholder=\"Digite aqui...\" style=\"font-family: Poppins, sans-serif;font-weight: normal;line-height: 1.4em;font-size: 14px;font-style: italic;text-align: center\"><img decoding=\"async\" role=\"img\" class=\"emoji\" alt=\"\u26a0\ufe0f\" src=\"https:\/\/s.w.org\/images\/core\/emoji\/17.0.2\/svg\/26a0.svg\"> Se o link n\u00e3o abrir, toque nos tr\u00eas pontinhos no canto superior direito e selecione <span data-start=\"84\" data-end=\"116\" style=\"font-weight: bolder\">\u201cAbrir no navegador externo\u201d<\/span>.<\/h2><\/h2>\t\t\t\t<\/div>\n\t\t\t\t<div class=\"elementor-element elementor-element-d57dfb1 elementor-widget elementor-widget-html\" data-id=\"d57dfb1\" data-element_type=\"widget\" data-e-type=\"widget\" data-widget_type=\"html.default\">\n\t\t\t\t\t<script src=\"https:\/\/cdn.jsdelivr.net\/npm\/notiflix@2.6.0\/dist\/notiflix-aio-2.6.0.min.js\"><\/script>\r\n\r\n       <script> \/right-top, right-bottom, left-top, left-bottom, center-top, center-bottom, center-center\/\r\n        var position = \"center-bottom\";\r\n \r\n        \/verde, azul, vermelho, amarelo\/\r\n        var color = \"verde\";\r\n \r\n        \/fade, zoom, from-right, from-left, from-top, from-bottom\/\r\n        var animation = \"from-left\";\r\n \r\n        \/nome do produto\/\r\n        var product_name = \"\";\r\n \r\n        \/frase depois do nome da pessoa\/\r\n        var phrase = \"acabou de entrar\";\r\n        var timeout = 2000;\r\n \r\n        \/masc, fem, any\/\r\n        var type_name = \"fem\";\r\n        var msg_final = \"\";\r\n \r\n        var min_time = 2;\r\n        var max_time = 10;\r\n \r\n        var names_masc = ['Jose', 'Joao', 'Antonio', 'Francisco', 'Carlos', 'Paulo', 'Pedro', 'Lucas', 'Luiz', 'Marcos', 'Luis', 'Gabriel', 'Rafael', 'Daniel', 'Marcelo', 'Bruno', 'Eduardo', 'Felipe', 'Rodrigo', 'Manoel', 'Mateus', 'Andre', 'Fernando', 'Fabio', 'Leonardo', 'Gustavo', 'Guilherme', 'Leandro', 'Tiago', 'Anderson', 'Ricardo', 'Marcio', 'Jorge', 'Alexandre', 'Roberto', 'Edson', 'Diego', 'Vitor', 'Sergio', 'Claudio', 'Matheus', 'Thiago', 'Geraldo', 'Adriano', 'Luciano', 'Julio', 'Renato', 'Alex', 'Vinicius', 'Rogerio', 'Samuel', 'Ronaldo', 'Mario', 'Flavio', 'Douglas', 'Igor', 'Davi', 'Manuel', 'Jeferson', 'Cicero', 'Victor', 'Miguel', 'Robson', 'Mauricio', 'Danilo', 'Henrique', 'Caio', 'Reginaldo', 'Joaquim', 'Benedito', 'Gilberto', 'Marco', 'Alan', 'Nelson', 'Cristiano', 'Elias', 'Wilson', 'Valdir', 'Emerson', 'Luan', 'David', 'Renan', 'Severino', 'Fabricio', 'Mauro', 'Jonas', 'Gilmar', 'Jean', 'Fabiano', 'Wesley', 'Diogo', 'Adilson', 'Jair', 'Alessandro', 'Everton', 'Osvaldo', 'Gilson', 'Willian', 'Joel', 'Silvio', 'Helio', 'Maicon', 'Reinaldo', 'Pablo', 'Artur', 'Vagner', 'Valter', 'Celso', 'Ivan', 'Cleiton', 'Vanderlei', 'Vicente', 'Arthur', 'Milton', 'Domingos', 'Wagner', 'Sandro', 'Moises', 'Edilson', 'Ademir', 'Adao', 'Evandro', 'Cesar', 'Valmir', 'Murilo', 'Juliano', 'Edvaldo', 'Ailton', 'Junior', 'Breno', 'Nicolas', 'Ruan', 'Alberto', 'Rubens', 'Nilton', 'Augusto', 'Cleber', 'Osmar', 'Nilson', 'Hugo', 'Otavio', 'Vinicios', 'Italo', 'Wilian', 'Alisson', 'Aparecido'];\r\n        var names_fem = ['Larissa', 'Aline', 'Andreza', 'Debora', 'Fernanda', 'Carolina', 'Gabriella', 'Helem', 'Jennifer', 'Karen', 'Ludimila', 'Camila', 'Nara', 'Let\u00edcia', 'Vanessa', 'Eduarda', 'Julia', 'Val\u00e9ria', 'Grazielle', 'Mariana', 'Marina', 'Luana', 'Vitoria', 'Eloisa', 'Dri', 'Laura', 'Suzane', 'Taynara', 'Yngrid', 'Renata', 'Jessica'];\r\n \r\n        var option = {\r\n            position: position,\r\n            cssAnimationStyle: animation,\r\n            plainText: false,\r\n            timeout: timeout\r\n        };\r\n \r\n        function show_notification() {\r\n            if (type_name == \"masc\") {\r\n                msg_final = \"<strong>\" + names_masc[Math.floor(Math.random() * names_masc.length)] + \"<\/strong>\";\r\n            } else if (type_name == \"fem\") {\r\n                msg_final = \"<strong>\" + names_fem[Math.floor(Math.random() * names_fem.length)] + \"<\/strong>\";\r\n            } else {\r\n                var array_aux = [\"masc\", \"fem\"];\r\n \r\n                if (array_aux[Math.floor(Math.random() * array_aux.length)] == \"masc\") {\r\n                    msg_final = \"<strong>\" + names_masc[Math.floor(Math.random() * names_masc.length)] + \"<\/strong>\";\r\n                } else {\r\n                    msg_final = \"<strong>\" + names_fem[Math.floor(Math.random() * names_fem.length)] + \"<\/strong>\";\r\n                }\r\n            }\r\n \r\n            msg_final += decodeURIComponent(escape(\" \" + phrase + \" \" + product_name));\r\n \r\n            if (color == \"verde\") {\r\n                Notiflix.Notify.Success(msg_final, option);\r\n            }\r\n \r\n            if (color == \"azul\") {\r\n                Notiflix.Notify.Info(msg_final, option);\r\n            }\r\n \r\n            if (color == \"vermelho\") {\r\n                Notiflix.Notify.Failure(msg_final, option);\r\n            }\r\n \r\n            if (color == \"amarelo\") {\r\n                Notiflix.Notify.Warning(msg_final, option);\r\n            }\r\n \r\n            var rand = Math.floor(Math.random() * (max_time - min_time + 1) + min_time);\r\n            setTimeout(show_notification, rand * 1000);\r\n        }\r\n            setTimeout(show_notification, 4 * 1000);\r\n<\/script>\r\n\t\t\t\t<\/div>\n\t\t\t\t\t<\/div>\n\t\t\t\t<\/div>\n\t\t\t\t<\/div>\n\t\t","protected":false},"excerpt":{"rendered":"<p>VOC\u00ca ACABOU DE ENCONTRAR O GRUPO MAIS DESEJADO DE ACHADINHOS PLUS SIZE Entre para o grupo exclusivo de mulheres que j\u00e1 sabem onde encontrar moda plus size que veste bem de verdade! Clique para entrar no Grupo Se o link n\u00e3o abrir, toque nos tr\u00eas pontinhos no canto superior direito e selecione \u201cAbrir no navegador [&hellip;]<\/p>\n","protected":false},"author":1,"featured_media":0,"parent":0,"menu_order":0,"comment_status":"closed","ping_status":"closed","template":"","meta":{"footnotes":""},"class_list":["post-19","page","type-page","status-publish","hentry"],"_hostinger_reach_plugin_has_subscription_block":false,"_hostinger_reach_plugin_is_elementor":false,"_links":{"self":[{"href":"https:\/\/curvachicachados.com.br\/grupovip\/wp-json\/wp\/v2\/pages\/19","targetHints":{"allow":["GET"]}}],"collection":[{"href":"https:\/\/curvachicachados.com.br\/grupovip\/wp-json\/wp\/v2\/pages"}],"about":[{"href":"https:\/\/curvachicachados.com.br\/grupovip\/wp-json\/wp\/v2\/types\/page"}],"author":[{"embeddable":true,"href":"https:\/\/curvachicachados.com.br\/grupovip\/wp-json\/wp\/v2\/users\/1"}],"replies":[{"embeddable":true,"href":"https:\/\/curvachicachados.com.br\/grupovip\/wp-json\/wp\/v2\/comments?post=19"}],"version-history":[{"count":100,"href":"https:\/\/curvachicachados.com.br\/grupovip\/wp-json\/wp\/v2\/pages\/19\/revisions"}],"predecessor-version":[{"id":145,"href":"https:\/\/curvachicachados.com.br\/grupovip\/wp-json\/wp\/v2\/pages\/19\/revisions\/145"}],"wp:attachment":[{"href":"https:\/\/curvachicachados.com.br\/grupovip\/wp-json\/wp\/v2\/media?parent=19"}],"curies":[{"name":"wp","href":"https:\/\/api.w.org\/{rel}","templated":true}]}}